{"id":810,"date":"2024-06-07T15:25:52","date_gmt":"2024-06-07T13:25:52","guid":{"rendered":"https:\/\/bukat.astrotea.pl\/?page_id=810"},"modified":"2024-06-11T07:24:28","modified_gmt":"2024-06-11T05:24:28","slug":"sukces","status":"publish","type":"page","link":"https:\/\/bukat.com\/en\/sukces\/","title":{"rendered":"Sukces"},"content":{"rendered":"<div data-elementor-type=\"wp-page\" data-elementor-id=\"810\" class=\"elementor elementor-810\" data-elementor-post-type=\"page\">\n\t\t\t\t<div class=\"elementor-element elementor-element-d4c52a2 kont-120x70 e-flex e-con-boxed e-con e-parent\" data-id=\"d4c52a2\" data-element_type=\"container\" data-e-type=\"container\">\n\t\t\t\t\t<div class=\"e-con-inner\">\n\t\t\t\t<div class=\"elementor-element elementor-element-b4c04e1 elementor-widget__width-initial elementor-widget elementor-widget-image\" data-id=\"b4c04e1\" data-element_type=\"widget\" data-e-type=\"widget\" data-widget_type=\"image.default\">\n\t\t\t\t<div class=\"elementor-widget-container\">\n\t\t\t\t\t\t\t\t\t\t\t\t\t\t\t<img fetchpriority=\"high\" decoding=\"async\" width=\"1228\" height=\"1040\" src=\"https:\/\/bukat.com\/wp-content\/uploads\/sukces.webp\" class=\"attachment-large size-large wp-image-811\" alt=\"\" srcset=\"https:\/\/bukat.com\/wp-content\/uploads\/sukces.webp 1228w, https:\/\/bukat.com\/wp-content\/uploads\/sukces-768x650.webp 768w\" sizes=\"(max-width: 1228px) 100vw, 1228px\" \/>\t\t\t\t\t\t\t\t\t\t\t\t\t\t\t<\/div>\n\t\t\t\t<\/div>\n\t\t<div class=\"elementor-element elementor-element-54efc6c e-con-full e-flex e-con e-child\" data-id=\"54efc6c\" data-element_type=\"container\" data-e-type=\"container\">\n\t\t\t\t<div class=\"elementor-element elementor-element-1230332 elementor-widget elementor-widget-heading\" data-id=\"1230332\" data-element_type=\"widget\" data-e-type=\"widget\" data-widget_type=\"heading.default\">\n\t\t\t\t<div class=\"elementor-widget-container\">\n\t\t\t\t\t<h1 class=\"elementor-heading-title elementor-size-default\">Sukces<\/h1>\t\t\t\t<\/div>\n\t\t\t\t<\/div>\n\t\t\t\t<div class=\"elementor-element elementor-element-ee82cf5 elementor-widget__width-initial elementor-widget elementor-widget-heading\" data-id=\"ee82cf5\" data-element_type=\"widget\" data-e-type=\"widget\" data-widget_type=\"heading.default\">\n\t\t\t\t<div class=\"elementor-widget-container\">\n\t\t\t\t\t<h2 class=\"elementor-heading-title elementor-size-default\">Dzi\u0119kujemy za wiadomo\u015b\u0107! <\/h2>\t\t\t\t<\/div>\n\t\t\t\t<\/div>\n\t\t\t\t<div class=\"elementor-element elementor-element-c642987 elementor-widget__width-initial elementor-widget elementor-widget-text-editor\" data-id=\"c642987\" data-element_type=\"widget\" data-e-type=\"widget\" data-widget_type=\"text-editor.default\">\n\t\t\t\t<div class=\"elementor-widget-container\">\n\t\t\t\t\t\t\t\t\t<p>Ju\u017c pracujemy nad odpowiedzi\u0105! Do us\u0142yszenia.\u00a0<\/p>\t\t\t\t\t\t\t\t<\/div>\n\t\t\t\t<\/div>\n\t\t\t\t<\/div>\n\t\t\t\t\t<\/div>\n\t\t\t\t<\/div>\n\t\t\t\t<\/div>","protected":false},"excerpt":{"rendered":"<p>Sukces Dzi\u0119kujemy za wiadomo\u015b\u0107! Ju\u017c pracujemy nad odpowiedzi\u0105! Do us\u0142yszenia.\u00a0<\/p>","protected":false},"author":2,"featured_media":903,"parent":0,"menu_order":8,"comment_status":"closed","ping_status":"closed","template":"","meta":{"_acf_changed":false,"footnotes":""},"class_list":["post-810","page","type-page","status-publish","has-post-thumbnail","hentry"],"acf":[],"yoast_head":"<!-- This site is optimized with the Yoast SEO plugin v27.5 - https:\/\/yoast.com\/product\/yoast-seo-wordpress\/ -->\n<title>Dzi\u0119kujemy za Twoj\u0105 wiadomo\u015b\u0107!<\/title>\n<meta name=\"description\" content=\"Ju\u017c pracujemy nad odpowiedzi\u0105! Do us\u0142yszenia.\" \/>\n<meta name=\"robots\" content=\"index, follow, max-snippet:-1, max-image-preview:large, max-video-preview:-1\" \/>\n<link rel=\"canonical\" href=\"https:\/\/bukat.com\/en\/sukces\/\" \/>\n<meta property=\"og:locale\" content=\"en_US\" \/>\n<meta property=\"og:type\" content=\"article\" \/>\n<meta property=\"og:title\" content=\"Dzi\u0119kujemy za Twoj\u0105 wiadomo\u015b\u0107!\" \/>\n<meta property=\"og:description\" content=\"Ju\u017c pracujemy nad odpowiedzi\u0105! Do us\u0142yszenia.\" \/>\n<meta property=\"og:url\" content=\"https:\/\/bukat.com\/en\/sukces\/\" \/>\n<meta property=\"og:site_name\" content=\"Bukat\" \/>\n<meta property=\"article:publisher\" content=\"https:\/\/www.facebook.com\/hurtowniabukat\" \/>\n<meta property=\"article:modified_time\" content=\"2024-06-11T05:24:28+00:00\" \/>\n<meta property=\"og:image\" content=\"https:\/\/bukat.com\/wp-content\/uploads\/Sukces-FI.webp\" \/>\n\t<meta property=\"og:image:width\" content=\"2400\" \/>\n\t<meta property=\"og:image:height\" content=\"1256\" \/>\n\t<meta property=\"og:image:type\" content=\"image\/webp\" \/>\n<meta name=\"twitter:card\" content=\"summary_large_image\" \/>\n<script type=\"application\/ld+json\" class=\"yoast-schema-graph\">{\"@context\":\"https:\\\/\\\/schema.org\",\"@graph\":[{\"@type\":\"WebPage\",\"@id\":\"https:\\\/\\\/bukat.com\\\/sukces\\\/\",\"url\":\"https:\\\/\\\/bukat.com\\\/sukces\\\/\",\"name\":\"Dzi\u0119kujemy za Twoj\u0105 wiadomo\u015b\u0107!\",\"isPartOf\":{\"@id\":\"https:\\\/\\\/bukat.com\\\/#website\"},\"primaryImageOfPage\":{\"@id\":\"https:\\\/\\\/bukat.com\\\/sukces\\\/#primaryimage\"},\"image\":{\"@id\":\"https:\\\/\\\/bukat.com\\\/sukces\\\/#primaryimage\"},\"thumbnailUrl\":\"https:\\\/\\\/bukat.com\\\/wp-content\\\/uploads\\\/Sukces-FI.webp\",\"datePublished\":\"2024-06-07T13:25:52+00:00\",\"dateModified\":\"2024-06-11T05:24:28+00:00\",\"description\":\"Ju\u017c pracujemy nad odpowiedzi\u0105! Do us\u0142yszenia.\",\"breadcrumb\":{\"@id\":\"https:\\\/\\\/bukat.com\\\/sukces\\\/#breadcrumb\"},\"inLanguage\":\"en-US\",\"potentialAction\":[{\"@type\":\"ReadAction\",\"target\":[\"https:\\\/\\\/bukat.com\\\/sukces\\\/\"]}]},{\"@type\":\"ImageObject\",\"inLanguage\":\"en-US\",\"@id\":\"https:\\\/\\\/bukat.com\\\/sukces\\\/#primaryimage\",\"url\":\"https:\\\/\\\/bukat.com\\\/wp-content\\\/uploads\\\/Sukces-FI.webp\",\"contentUrl\":\"https:\\\/\\\/bukat.com\\\/wp-content\\\/uploads\\\/Sukces-FI.webp\",\"width\":2400,\"height\":1256},{\"@type\":\"BreadcrumbList\",\"@id\":\"https:\\\/\\\/bukat.com\\\/sukces\\\/#breadcrumb\",\"itemListElement\":[{\"@type\":\"ListItem\",\"position\":1,\"name\":\"Strona g\u0142\u00f3wna\",\"item\":\"https:\\\/\\\/bukat.com\\\/\"},{\"@type\":\"ListItem\",\"position\":2,\"name\":\"Sukces\"}]},{\"@type\":\"WebSite\",\"@id\":\"https:\\\/\\\/bukat.com\\\/#website\",\"url\":\"https:\\\/\\\/bukat.com\\\/\",\"name\":\"Bukat - Hurtownia Owoc\u00f3w i Warzyw\",\"description\":\"\u015awie\u017co\u015b\u0107\u00a0w standardzie, zdrowie w promocji\",\"publisher\":{\"@id\":\"https:\\\/\\\/bukat.com\\\/#organization\"},\"alternateName\":\"Bukat\",\"potentialAction\":[{\"@type\":\"SearchAction\",\"target\":{\"@type\":\"EntryPoint\",\"urlTemplate\":\"https:\\\/\\\/bukat.com\\\/?s={search_term_string}\"},\"query-input\":{\"@type\":\"PropertyValueSpecification\",\"valueRequired\":true,\"valueName\":\"search_term_string\"}}],\"inLanguage\":\"en-US\"},{\"@type\":\"Organization\",\"@id\":\"https:\\\/\\\/bukat.com\\\/#organization\",\"name\":\"Bukat - Hurtownia Owoc\u00f3w i Warzyw\",\"alternateName\":\"Bukat\",\"url\":\"https:\\\/\\\/bukat.com\\\/\",\"logo\":{\"@type\":\"ImageObject\",\"inLanguage\":\"en-US\",\"@id\":\"https:\\\/\\\/bukat.com\\\/#\\\/schema\\\/logo\\\/image\\\/\",\"url\":\"https:\\\/\\\/bukat.com\\\/wp-content\\\/uploads\\\/Bukat-logo-nav-menu.svg\",\"contentUrl\":\"https:\\\/\\\/bukat.com\\\/wp-content\\\/uploads\\\/Bukat-logo-nav-menu.svg\",\"width\":100,\"height\":82,\"caption\":\"Bukat - Hurtownia Owoc\u00f3w i Warzyw\"},\"image\":{\"@id\":\"https:\\\/\\\/bukat.com\\\/#\\\/schema\\\/logo\\\/image\\\/\"},\"sameAs\":[\"https:\\\/\\\/www.facebook.com\\\/hurtowniabukat\",\"https:\\\/\\\/www.instagram.com\\\/bukatowocewarzywa\\\/\"]}]}<\/script>\n<!-- \/ Yoast SEO plugin. -->","yoast_head_json":{"title":"Dzi\u0119kujemy za Twoj\u0105 wiadomo\u015b\u0107!","description":"Ju\u017c pracujemy nad odpowiedzi\u0105! Do us\u0142yszenia.","robots":{"index":"index","follow":"follow","max-snippet":"max-snippet:-1","max-image-preview":"max-image-preview:large","max-video-preview":"max-video-preview:-1"},"canonical":"https:\/\/bukat.com\/en\/sukces\/","og_locale":"en_US","og_type":"article","og_title":"Dzi\u0119kujemy za Twoj\u0105 wiadomo\u015b\u0107!","og_description":"Ju\u017c pracujemy nad odpowiedzi\u0105! Do us\u0142yszenia.","og_url":"https:\/\/bukat.com\/en\/sukces\/","og_site_name":"Bukat","article_publisher":"https:\/\/www.facebook.com\/hurtowniabukat","article_modified_time":"2024-06-11T05:24:28+00:00","og_image":[{"width":2400,"height":1256,"url":"https:\/\/bukat.com\/wp-content\/uploads\/Sukces-FI.webp","type":"image\/webp"}],"twitter_card":"summary_large_image","schema":{"@context":"https:\/\/schema.org","@graph":[{"@type":"WebPage","@id":"https:\/\/bukat.com\/sukces\/","url":"https:\/\/bukat.com\/sukces\/","name":"Dzi\u0119kujemy za Twoj\u0105 wiadomo\u015b\u0107!","isPartOf":{"@id":"https:\/\/bukat.com\/#website"},"primaryImageOfPage":{"@id":"https:\/\/bukat.com\/sukces\/#primaryimage"},"image":{"@id":"https:\/\/bukat.com\/sukces\/#primaryimage"},"thumbnailUrl":"https:\/\/bukat.com\/wp-content\/uploads\/Sukces-FI.webp","datePublished":"2024-06-07T13:25:52+00:00","dateModified":"2024-06-11T05:24:28+00:00","description":"Ju\u017c pracujemy nad odpowiedzi\u0105! Do us\u0142yszenia.","breadcrumb":{"@id":"https:\/\/bukat.com\/sukces\/#breadcrumb"},"inLanguage":"en-US","potentialAction":[{"@type":"ReadAction","target":["https:\/\/bukat.com\/sukces\/"]}]},{"@type":"ImageObject","inLanguage":"en-US","@id":"https:\/\/bukat.com\/sukces\/#primaryimage","url":"https:\/\/bukat.com\/wp-content\/uploads\/Sukces-FI.webp","contentUrl":"https:\/\/bukat.com\/wp-content\/uploads\/Sukces-FI.webp","width":2400,"height":1256},{"@type":"BreadcrumbList","@id":"https:\/\/bukat.com\/sukces\/#breadcrumb","itemListElement":[{"@type":"ListItem","position":1,"name":"Strona g\u0142\u00f3wna","item":"https:\/\/bukat.com\/"},{"@type":"ListItem","position":2,"name":"Sukces"}]},{"@type":"WebSite","@id":"https:\/\/bukat.com\/#website","url":"https:\/\/bukat.com\/","name":"Bukat - Hurtownia Owoc\u00f3w i Warzyw","description":"\u015awie\u017co\u015b\u0107\u00a0w standardzie, zdrowie w promocji","publisher":{"@id":"https:\/\/bukat.com\/#organization"},"alternateName":"Bukat","potentialAction":[{"@type":"SearchAction","target":{"@type":"EntryPoint","urlTemplate":"https:\/\/bukat.com\/?s={search_term_string}"},"query-input":{"@type":"PropertyValueSpecification","valueRequired":true,"valueName":"search_term_string"}}],"inLanguage":"en-US"},{"@type":"Organization","@id":"https:\/\/bukat.com\/#organization","name":"Bukat - Hurtownia Owoc\u00f3w i Warzyw","alternateName":"Bukat","url":"https:\/\/bukat.com\/","logo":{"@type":"ImageObject","inLanguage":"en-US","@id":"https:\/\/bukat.com\/#\/schema\/logo\/image\/","url":"https:\/\/bukat.com\/wp-content\/uploads\/Bukat-logo-nav-menu.svg","contentUrl":"https:\/\/bukat.com\/wp-content\/uploads\/Bukat-logo-nav-menu.svg","width":100,"height":82,"caption":"Bukat - Hurtownia Owoc\u00f3w i Warzyw"},"image":{"@id":"https:\/\/bukat.com\/#\/schema\/logo\/image\/"},"sameAs":["https:\/\/www.facebook.com\/hurtowniabukat","https:\/\/www.instagram.com\/bukatowocewarzywa\/"]}]}},"_links":{"self":[{"href":"https:\/\/bukat.com\/en\/wp-json\/wp\/v2\/pages\/810","targetHints":{"allow":["GET"]}}],"collection":[{"href":"https:\/\/bukat.com\/en\/wp-json\/wp\/v2\/pages"}],"about":[{"href":"https:\/\/bukat.com\/en\/wp-json\/wp\/v2\/types\/page"}],"author":[{"embeddable":true,"href":"https:\/\/bukat.com\/en\/wp-json\/wp\/v2\/users\/2"}],"replies":[{"embeddable":true,"href":"https:\/\/bukat.com\/en\/wp-json\/wp\/v2\/comments?post=810"}],"version-history":[{"count":7,"href":"https:\/\/bukat.com\/en\/wp-json\/wp\/v2\/pages\/810\/revisions"}],"predecessor-version":[{"id":822,"href":"https:\/\/bukat.com\/en\/wp-json\/wp\/v2\/pages\/810\/revisions\/822"}],"wp:featuredmedia":[{"embeddable":true,"href":"https:\/\/bukat.com\/en\/wp-json\/wp\/v2\/media\/903"}],"wp:attachment":[{"href":"https:\/\/bukat.com\/en\/wp-json\/wp\/v2\/media?parent=810"}],"curies":[{"name":"wp","href":"https:\/\/api.w.org\/{rel}","templated":true}]}}